{"id":2,"date":"2025-07-01T09:58:30","date_gmt":"2025-07-01T09:58:30","guid":{"rendered":"https:\/\/jjnovell.rkinformatika.online\/?page_id=2"},"modified":"2025-07-02T07:31:03","modified_gmt":"2025-07-02T07:31:03","slug":"inicio","status":"publish","type":"page","link":"https:\/\/jjnovell.com\/es\/","title":{"rendered":"Inicio"},"content":{"rendered":"<div data-elementor-type=\"wp-page\" data-elementor-id=\"2\" class=\"elementor elementor-2\" data-elementor-post-type=\"page\">\n\t\t\t\t\t\t<section class=\"elementor-section elementor-top-section elementor-element elementor-element-eb7d41d elementor-section-boxed elementor-section-height-default elementor-section-height-default\" data-id=\"eb7d41d\" data-element_type=\"section\" data-e-type=\"section\" data-settings=\"{&quot;background_background&quot;:&quot;classic&quot;}\">\n\t\t\t\t\t\t\t<div class=\"elementor-background-overlay\"><\/div>\n\t\t\t\t\t\t\t<div class=\"elementor-container elementor-column-gap-default\">\n\t\t\t\t\t<div class=\"elementor-column elementor-col-100 elementor-top-column elementor-element elementor-element-85486f3\" data-id=\"85486f3\" data-element_type=\"column\" data-e-type=\"column\">\n\t\t\t<div class=\"elementor-widget-wrap\">\n\t\t\t\t\t\t\t<\/div>\n\t\t<\/div>\n\t\t\t\t\t<\/div>\n\t\t<\/section>\n\t\t\t\t<section class=\"elementor-section elementor-top-section elementor-element elementor-element-a1d96e9 elementor-section-boxed elementor-section-height-default elementor-section-height-default\" data-id=\"a1d96e9\" data-element_type=\"section\" data-e-type=\"section\">\n\t\t\t\t\t\t<div class=\"elementor-container elementor-column-gap-default\">\n\t\t\t\t\t<div class=\"elementor-column elementor-col-50 elementor-top-column elementor-element elementor-element-bdcec4e\" data-id=\"bdcec4e\" data-element_type=\"column\" data-e-type=\"column\">\n\t\t\t<div class=\"elementor-widget-wrap elementor-element-populated\">\n\t\t\t\t\t\t<div class=\"elementor-element elementor-element-515ef89 elementor-hidden-mobile elementor-widget elementor-widget-spacer\" data-id=\"515ef89\" data-element_type=\"widget\" data-e-type=\"widget\" data-widget_type=\"spacer.default\">\n\t\t\t\t\t\t\t<div class=\"elementor-spacer\">\n\t\t\t<div class=\"elementor-spacer-inner\"><\/div>\n\t\t<\/div>\n\t\t\t\t\t\t<\/div>\n\t\t\t\t<div class=\"elementor-element elementor-element-0353792 elementor-invisible elementor-widget elementor-widget-heading\" data-id=\"0353792\" data-element_type=\"widget\" data-e-type=\"widget\" data-settings=\"{&quot;_animation&quot;:&quot;fadeIn&quot;,&quot;_animation_delay&quot;:50}\" data-widget_type=\"heading.default\">\n\t\t\t\t\t<h2 class=\"elementor-heading-title elementor-size-default\">inicio<\/h2>\t\t\t\t<\/div>\n\t\t\t\t<div class=\"elementor-element elementor-element-6abdafb elementor-invisible elementor-widget elementor-widget-heading\" data-id=\"6abdafb\" data-element_type=\"widget\" data-e-type=\"widget\" data-settings=\"{&quot;_animation&quot;:&quot;fadeIn&quot;,&quot;_animation_delay&quot;:100}\" data-widget_type=\"heading.default\">\n\t\t\t\t\t<h2 class=\"elementor-heading-title elementor-size-default\">Sobre Nosotros<\/h2>\t\t\t\t<\/div>\n\t\t\t\t<div class=\"elementor-element elementor-element-820c564 elementor-widget elementor-widget-text-editor\" data-id=\"820c564\" data-element_type=\"widget\" data-e-type=\"widget\" data-widget_type=\"text-editor.default\">\n\t\t\t\t\t\t\t\t\t<p>Nos dedicamos a la reparaci\u00f3n de todo tipo de autom\u00f3viles, desde los m\u00e1s antiguos hasta los m\u00e1s modernos, as\u00ed como a la reparaci\u00f3n y el mantenimiento de maquinaria agr\u00edcola de diversas marcas y modelos.<\/p>\t\t\t\t\t\t\t\t<\/div>\n\t\t\t\t\t<\/div>\n\t\t<\/div>\n\t\t\t\t<div class=\"elementor-column elementor-col-50 elementor-top-column elementor-element elementor-element-e48dbfb\" data-id=\"e48dbfb\" data-element_type=\"column\" data-e-type=\"column\">\n\t\t\t<div class=\"elementor-widget-wrap elementor-element-populated\">\n\t\t\t\t\t\t<div class=\"elementor-element elementor-element-2cfd2f5 elementor-flip-box--effect-flip elementor-flip-box--direction-up elementor-widget elementor-widget-flip-box\" data-id=\"2cfd2f5\" data-element_type=\"widget\" data-e-type=\"widget\" data-widget_type=\"flip-box.default\">\n\t\t\t\t\t\t\t<div class=\"elementor-flip-box\" tabindex=\"0\">\n\t\t\t<div class=\"elementor-flip-box__layer elementor-flip-box__front\">\n\t\t\t\t<div class=\"elementor-flip-box__layer__overlay\">\n\t\t\t\t\t<div class=\"elementor-flip-box__layer__inner\">\n\t\t\t\t\t\t\n\t\t\t\t\t\t\n\t\t\t\t\t\t\t\t\t\t\t<\/div>\n\t\t\t\t<\/div>\n\t\t\t<\/div>\n\t\t\t<div class=\"elementor-flip-box__layer elementor-flip-box__back\">\n\t\t\t<div class=\"elementor-flip-box__layer__overlay\">\n\t\t\t\t<div class=\"elementor-flip-box__layer__inner\">\n\t\t\t\t\t\n\t\t\t\t\t\n\t\t\t\t\t\t\t\t<\/div>\n\t\t<\/div>\n\t\t<\/div>\n\t\t<\/div>\n\t\t\t\t\t\t<\/div>\n\t\t\t\t\t<\/div>\n\t\t<\/div>\n\t\t\t\t\t<\/div>\n\t\t<\/section>\n\t\t<div class=\"elementor-element elementor-element-474f04e e-flex e-con-boxed e-con e-parent\" data-id=\"474f04e\" data-element_type=\"container\" data-e-type=\"container\" data-settings=\"{&quot;background_background&quot;:&quot;classic&quot;}\">\n\t\t\t\t\t<div class=\"e-con-inner\">\n\t\t\t\t<div class=\"elementor-element elementor-element-01d2b70 elementor-invisible elementor-widget elementor-widget-heading\" data-id=\"01d2b70\" data-element_type=\"widget\" data-e-type=\"widget\" data-settings=\"{&quot;_animation&quot;:&quot;fadeInRight&quot;}\" data-widget_type=\"heading.default\">\n\t\t\t\t\t<h2 class=\"elementor-heading-title elementor-size-default\">Reparaciones automotrices profesionales<\/h2>\t\t\t\t<\/div>\n\t\t\t\t<div class=\"elementor-element elementor-element-e6f0fb1 elementor-invisible elementor-widget elementor-widget-button\" data-id=\"e6f0fb1\" data-element_type=\"widget\" data-e-type=\"widget\" data-settings=\"{&quot;_animation&quot;:&quot;fadeInLeft&quot;}\" data-widget_type=\"button.default\">\n\t\t\t\t\t\t\t\t\t\t<a class=\"elementor-button elementor-button-link elementor-size-sm\" href=\"\/es\/contacto\/\">\n\t\t\t\t\t\t<span class=\"elementor-button-content-wrapper\">\n\t\t\t\t\t\t\t\t\t<span class=\"elementor-button-text\">Cont\u00e1ctanos<\/span>\n\t\t\t\t\t<\/span>\n\t\t\t\t\t<\/a>\n\t\t\t\t\t\t\t\t<\/div>\n\t\t\t\t\t<\/div>\n\t\t\t\t<\/div>\n\t\t\t\t<section class=\"elementor-section elementor-top-section elementor-element elementor-element-93c5aea elementor-section-boxed elementor-section-height-default elementor-section-height-default\" data-id=\"93c5aea\" data-element_type=\"section\" data-e-type=\"section\">\n\t\t\t\t\t\t<div class=\"elementor-container elementor-column-gap-default\">\n\t\t\t\t\t<div class=\"elementor-column elementor-col-50 elementor-top-column elementor-element elementor-element-c980a6e\" data-id=\"c980a6e\" data-element_type=\"column\" data-e-type=\"column\">\n\t\t\t<div class=\"elementor-widget-wrap elementor-element-populated\">\n\t\t\t\t\t\t<div class=\"elementor-element elementor-element-88aa5da elementor-hidden-mobile elementor-widget elementor-widget-spacer\" data-id=\"88aa5da\" data-element_type=\"widget\" data-e-type=\"widget\" data-widget_type=\"spacer.default\">\n\t\t\t\t\t\t\t<div class=\"elementor-spacer\">\n\t\t\t<div class=\"elementor-spacer-inner\"><\/div>\n\t\t<\/div>\n\t\t\t\t\t\t<\/div>\n\t\t\t\t<div class=\"elementor-element elementor-element-b754c9e elementor-invisible elementor-widget elementor-widget-heading\" data-id=\"b754c9e\" data-element_type=\"widget\" data-e-type=\"widget\" data-settings=\"{&quot;_animation&quot;:&quot;fadeIn&quot;,&quot;_animation_delay&quot;:50}\" data-widget_type=\"heading.default\">\n\t\t\t\t\t<h2 class=\"elementor-heading-title elementor-size-default\">inicio<\/h2>\t\t\t\t<\/div>\n\t\t\t\t<div class=\"elementor-element elementor-element-395347f elementor-headline--style-highlight elementor-widget elementor-widget-animated-headline\" data-id=\"395347f\" data-element_type=\"widget\" data-e-type=\"widget\" data-settings=\"{&quot;highlighted_text&quot;:&quot;comprovada&quot;,&quot;headline_style&quot;:&quot;highlight&quot;,&quot;marker&quot;:&quot;circle&quot;,&quot;loop&quot;:&quot;yes&quot;,&quot;highlight_animation_duration&quot;:1200,&quot;highlight_iteration_delay&quot;:8000}\" data-widget_type=\"animated-headline.default\">\n\t\t\t\t\t\t\t<h3 class=\"elementor-headline\">\n\t\t\t\t\t<span class=\"elementor-headline-plain-text elementor-headline-text-wrapper\">Experiencia<\/span>\n\t\t\t\t<span class=\"elementor-headline-dynamic-wrapper elementor-headline-text-wrapper\">\n\t\t\t\t\t<span class=\"elementor-headline-dynamic-text elementor-headline-text-active\">comprobada<\/span>\n\t\t\t\t<\/span>\n\t\t\t\t<\/h3>\n\t\t\t\t\t\t<\/div>\n\t\t\t\t<div class=\"elementor-element elementor-element-cf0d102 elementor-widget elementor-widget-text-editor\" data-id=\"cf0d102\" data-element_type=\"widget\" data-e-type=\"widget\" data-widget_type=\"text-editor.default\">\n\t\t\t\t\t\t\t\t\t<p>Conf\u00ede en nosotros para todas sus necesidades de reparaci\u00f3n de autom\u00f3viles.<\/p>\t\t\t\t\t\t\t\t<\/div>\n\t\t\t\t\t<\/div>\n\t\t<\/div>\n\t\t\t\t<div class=\"elementor-column elementor-col-50 elementor-top-column elementor-element elementor-element-df9ffcf\" data-id=\"df9ffcf\" data-element_type=\"column\" data-e-type=\"column\">\n\t\t\t<div class=\"elementor-widget-wrap elementor-element-populated\">\n\t\t\t\t\t\t<div class=\"elementor-element elementor-element-4762914 elementor-cta--valign-middle elementor-cta--skin-classic elementor-animated-content elementor-bg-transform elementor-bg-transform-zoom-in elementor-widget elementor-widget-call-to-action\" data-id=\"4762914\" data-element_type=\"widget\" data-e-type=\"widget\" data-widget_type=\"call-to-action.default\">\n\t\t\t\t\t\t\t<div class=\"elementor-cta\">\n\t\t\t\t\t<div class=\"elementor-cta__bg-wrapper\">\n\t\t\t\t<div class=\"elementor-cta__bg elementor-bg\" style=\"background-image: url(https:\/\/jjnovell.com\/wp-content\/uploads\/2025\/07\/portrait-mechanic-repairing-lifted-car-1024x683.jpg);\" role=\"img\" aria-label=\"Portrait of a mechanic repairing a lifted car\"><\/div>\n\t\t\t\t<div class=\"elementor-cta__bg-overlay\"><\/div>\n\t\t\t<\/div>\n\t\t\t\t\t\t\t\t<\/div>\n\t\t\t\t\t\t<\/div>\n\t\t\t\t\t<\/div>\n\t\t<\/div>\n\t\t\t\t\t<\/div>\n\t\t<\/section>\n\t\t\t\t<\/div>","protected":false},"excerpt":{"rendered":"<p>inici Sobre Nosaltres Ens dediquem a la reparaci\u00f3 de tot tipus d&#8217;autom\u00f2bils, des dels m\u00e9s antics fins als m\u00e9s moderns, aix\u00ed com a la reparaci\u00f3 i el manteniment de maquin\u00e0ria agr\u00edcola de diverses marques i models. \u00a1Reparacions automotrius professional! Contacta&#8217;ns inici Experi\u00e8ncia comprovada Vaig confiar en nosaltres per a totes les seves necessitats de reparaci\u00f3 [&hellip;]<\/p>\n","protected":false},"author":1,"featured_media":0,"parent":0,"menu_order":0,"comment_status":"closed","ping_status":"closed","template":"elementor_canvas","meta":{"footnotes":""},"class_list":["post-2","page","type-page","status-publish","hentry"],"yoast_head":"<!-- This site is optimized with the Yoast SEO plugin v27.3 - https:\/\/yoast.com\/product\/yoast-seo-wordpress\/ -->\n<title>Inicio - Taller J. Novell<\/title>\n<meta name=\"robots\" content=\"index, follow, max-snippet:-1, max-image-preview:large, max-video-preview:-1\" \/>\n<link rel=\"canonical\" href=\"https:\/\/jjnovell.com\/es\/\" \/>\n<meta property=\"og:locale\" content=\"es_ES\" \/>\n<meta property=\"og:type\" content=\"article\" \/>\n<meta property=\"og:title\" content=\"Inicio - Taller J. Novell\" \/>\n<meta property=\"og:description\" content=\"inici Sobre Nosaltres Ens dediquem a la reparaci\u00f3 de tot tipus d&#8217;autom\u00f2bils, des dels m\u00e9s antics fins als m\u00e9s moderns, aix\u00ed com a la reparaci\u00f3 i el manteniment de maquin\u00e0ria agr\u00edcola de diverses marques i models. \u00a1Reparacions automotrius professional! Contacta&#8217;ns inici Experi\u00e8ncia comprovada Vaig confiar en nosaltres per a totes les seves necessitats de reparaci\u00f3 [&hellip;]\" \/>\n<meta property=\"og:url\" content=\"https:\/\/jjnovell.com\/es\/\" \/>\n<meta property=\"og:site_name\" content=\"Taller J. Novell\" \/>\n<meta property=\"article:modified_time\" content=\"2025-07-02T07:31:03+00:00\" \/>\n<meta name=\"twitter:card\" content=\"summary_large_image\" \/>\n<meta name=\"twitter:label1\" content=\"Tiempo de lectura\" \/>\n\t<meta name=\"twitter:data1\" content=\"1 minuto\" \/>\n<script type=\"application\/ld+json\" class=\"yoast-schema-graph\">{\"@context\":\"https:\\\/\\\/schema.org\",\"@graph\":[{\"@type\":\"WebPage\",\"@id\":\"https:\\\/\\\/jjnovell.com\\\/\",\"url\":\"https:\\\/\\\/jjnovell.com\\\/\",\"name\":\"Inicio - Taller J. Novell\",\"isPartOf\":{\"@id\":\"https:\\\/\\\/jjnovell.com\\\/#website\"},\"datePublished\":\"2025-07-01T09:58:30+00:00\",\"dateModified\":\"2025-07-02T07:31:03+00:00\",\"breadcrumb\":{\"@id\":\"https:\\\/\\\/jjnovell.com\\\/#breadcrumb\"},\"inLanguage\":\"es\",\"potentialAction\":[{\"@type\":\"ReadAction\",\"target\":[\"https:\\\/\\\/jjnovell.com\\\/\"]}]},{\"@type\":\"BreadcrumbList\",\"@id\":\"https:\\\/\\\/jjnovell.com\\\/#breadcrumb\",\"itemListElement\":[{\"@type\":\"ListItem\",\"position\":1,\"name\":\"Portada\",\"item\":\"https:\\\/\\\/jjnovell.com\\\/\"},{\"@type\":\"ListItem\",\"position\":2,\"name\":\"Inicio\"}]},{\"@type\":\"WebSite\",\"@id\":\"https:\\\/\\\/jjnovell.com\\\/#website\",\"url\":\"https:\\\/\\\/jjnovell.com\\\/\",\"name\":\"Taller J. Novell\",\"description\":\"Taller J. Novell\",\"publisher\":{\"@id\":\"https:\\\/\\\/jjnovell.com\\\/#organization\"},\"potentialAction\":[{\"@type\":\"SearchAction\",\"target\":{\"@type\":\"EntryPoint\",\"urlTemplate\":\"https:\\\/\\\/jjnovell.com\\\/?s={search_term_string}\"},\"query-input\":{\"@type\":\"PropertyValueSpecification\",\"valueRequired\":true,\"valueName\":\"search_term_string\"}}],\"inLanguage\":\"es\"},{\"@type\":\"Organization\",\"@id\":\"https:\\\/\\\/jjnovell.com\\\/#organization\",\"name\":\"Taller J. Novell\",\"url\":\"https:\\\/\\\/jjnovell.com\\\/\",\"logo\":{\"@type\":\"ImageObject\",\"inLanguage\":\"es\",\"@id\":\"https:\\\/\\\/jjnovell.com\\\/#\\\/schema\\\/logo\\\/image\\\/\",\"url\":\"https:\\\/\\\/jjnovell.com\\\/wp-content\\\/uploads\\\/2025\\\/07\\\/cropped-logo_trans.png\",\"contentUrl\":\"https:\\\/\\\/jjnovell.com\\\/wp-content\\\/uploads\\\/2025\\\/07\\\/cropped-logo_trans.png\",\"width\":500,\"height\":370,\"caption\":\"Taller J. Novell\"},\"image\":{\"@id\":\"https:\\\/\\\/jjnovell.com\\\/#\\\/schema\\\/logo\\\/image\\\/\"}}]}<\/script>\n<!-- \/ Yoast SEO plugin. -->","yoast_head_json":{"title":"Inicio - Taller J. Novell","robots":{"index":"index","follow":"follow","max-snippet":"max-snippet:-1","max-image-preview":"max-image-preview:large","max-video-preview":"max-video-preview:-1"},"canonical":"https:\/\/jjnovell.com\/es\/","og_locale":"es_ES","og_type":"article","og_title":"Inicio - Taller J. Novell","og_description":"inici Sobre Nosaltres Ens dediquem a la reparaci\u00f3 de tot tipus d&#8217;autom\u00f2bils, des dels m\u00e9s antics fins als m\u00e9s moderns, aix\u00ed com a la reparaci\u00f3 i el manteniment de maquin\u00e0ria agr\u00edcola de diverses marques i models. \u00a1Reparacions automotrius professional! Contacta&#8217;ns inici Experi\u00e8ncia comprovada Vaig confiar en nosaltres per a totes les seves necessitats de reparaci\u00f3 [&hellip;]","og_url":"https:\/\/jjnovell.com\/es\/","og_site_name":"Taller J. Novell","article_modified_time":"2025-07-02T07:31:03+00:00","twitter_card":"summary_large_image","twitter_misc":{"Tiempo de lectura":"1 minuto"},"schema":{"@context":"https:\/\/schema.org","@graph":[{"@type":"WebPage","@id":"https:\/\/jjnovell.com\/","url":"https:\/\/jjnovell.com\/","name":"Inicio - Taller J. Novell","isPartOf":{"@id":"https:\/\/jjnovell.com\/#website"},"datePublished":"2025-07-01T09:58:30+00:00","dateModified":"2025-07-02T07:31:03+00:00","breadcrumb":{"@id":"https:\/\/jjnovell.com\/#breadcrumb"},"inLanguage":"es","potentialAction":[{"@type":"ReadAction","target":["https:\/\/jjnovell.com\/"]}]},{"@type":"BreadcrumbList","@id":"https:\/\/jjnovell.com\/#breadcrumb","itemListElement":[{"@type":"ListItem","position":1,"name":"Portada","item":"https:\/\/jjnovell.com\/"},{"@type":"ListItem","position":2,"name":"Inicio"}]},{"@type":"WebSite","@id":"https:\/\/jjnovell.com\/#website","url":"https:\/\/jjnovell.com\/","name":"Taller J. Novell","description":"Taller J. Novell","publisher":{"@id":"https:\/\/jjnovell.com\/#organization"},"potentialAction":[{"@type":"SearchAction","target":{"@type":"EntryPoint","urlTemplate":"https:\/\/jjnovell.com\/?s={search_term_string}"},"query-input":{"@type":"PropertyValueSpecification","valueRequired":true,"valueName":"search_term_string"}}],"inLanguage":"es"},{"@type":"Organization","@id":"https:\/\/jjnovell.com\/#organization","name":"Taller J. Novell","url":"https:\/\/jjnovell.com\/","logo":{"@type":"ImageObject","inLanguage":"es","@id":"https:\/\/jjnovell.com\/#\/schema\/logo\/image\/","url":"https:\/\/jjnovell.com\/wp-content\/uploads\/2025\/07\/cropped-logo_trans.png","contentUrl":"https:\/\/jjnovell.com\/wp-content\/uploads\/2025\/07\/cropped-logo_trans.png","width":500,"height":370,"caption":"Taller J. Novell"},"image":{"@id":"https:\/\/jjnovell.com\/#\/schema\/logo\/image\/"}}]}},"_links":{"self":[{"href":"https:\/\/jjnovell.com\/es\/wp-json\/wp\/v2\/pages\/2","targetHints":{"allow":["GET"]}}],"collection":[{"href":"https:\/\/jjnovell.com\/es\/wp-json\/wp\/v2\/pages"}],"about":[{"href":"https:\/\/jjnovell.com\/es\/wp-json\/wp\/v2\/types\/page"}],"author":[{"embeddable":true,"href":"https:\/\/jjnovell.com\/es\/wp-json\/wp\/v2\/users\/1"}],"replies":[{"embeddable":true,"href":"https:\/\/jjnovell.com\/es\/wp-json\/wp\/v2\/comments?post=2"}],"version-history":[{"count":145,"href":"https:\/\/jjnovell.com\/es\/wp-json\/wp\/v2\/pages\/2\/revisions"}],"predecessor-version":[{"id":532,"href":"https:\/\/jjnovell.com\/es\/wp-json\/wp\/v2\/pages\/2\/revisions\/532"}],"wp:attachment":[{"href":"https:\/\/jjnovell.com\/es\/wp-json\/wp\/v2\/media?parent=2"}],"curies":[{"name":"wp","href":"https:\/\/api.w.org\/{rel}","templated":true}]}}